{"id":69,"date":"2023-06-01T11:42:16","date_gmt":"2023-06-01T11:42:16","guid":{"rendered":"http:\/\/www.mpu-erfolgreich-meistern.de\/?page_id=69"},"modified":"2023-06-01T11:45:44","modified_gmt":"2023-06-01T11:45:44","slug":"preise","status":"publish","type":"page","link":"https:\/\/www.mpu-erfolgreich-meistern.de\/?page_id=69","title":{"rendered":"Zahlungsm\u00f6glichkeiten"},"content":{"rendered":"\n<p>Preise:<br>599 \u20ac Pauschalpreis Kurzeit Vorbereitung , inkl. 19 % Mwst<br><br>Neu:  Zahlung mit der Kryptow\u00e4hrung Trilando m\u00f6glich<br><br><br><br><br>Was ist Trillando? <br><a href=\"http:\/\/Ist Trillando seri\u00f6s?\">Ist Trillando seri\u00f6s?<br><\/a><br>Melde Dich unverbindlich Gratis an<br><a href=\"https:\/\/t.me\/ProfitWallet_Bot?start=Frankricardo\">My Profitwallet<\/a><br><br>Was ist Profitwallet? <\/p>\n\n\n\n<figure class=\"wp-block-video\"><video height=\"1024\" style=\"aspect-ratio: 576 \/ 1024;\" width=\"576\" controls src=\"http:\/\/www.mpu-erfolgreich-meistern.de\/wp-content\/uploads\/2023\/06\/document_5461022823482927714.mp4\"><\/video><\/figure>\n\n\n\n<p><\/p>\n\n\n\n<p><\/p>\n","protected":false},"excerpt":{"rendered":"<p>Preise:599 \u20ac Pauschalpreis Kurzeit Vorbereitung , inkl. 19 % Mwst Neu: Zahlung mit der Kryptow\u00e4hrung Trilando m\u00f6glich Was ist Trillando? Ist Trillando seri\u00f6s?Melde Dich unverbindlich Gratis anMy Profitwallet Was ist Profitwallet?<\/p>\n","protected":false},"author":1,"featured_media":0,"parent":0,"menu_order":0,"comment_status":"closed","ping_status":"closed","template":"","meta":{"footnotes":""},"class_list":["post-69","page","type-page","status-publish","hentry"],"yoast_head":"<!-- This site is optimized with the Yoast SEO plugin v27.0 - https:\/\/yoast.com\/product\/yoast-seo-wordpress\/ -->\n<title>Zahlungsm\u00f6glichkeiten - MPU erfolgreich meistern<\/title>\n<meta name=\"description\" content=\"MPU Erfolgreich meistern, wirklich preiswert und fair! Das gabs noch nie: Zahle mit dem Profitwallet bezahle mit Trillando\" \/>\n<meta name=\"robots\" content=\"index, follow, max-snippet:-1, max-image-preview:large, max-video-preview:-1\" \/>\n<link rel=\"canonical\" href=\"https:\/\/www.mpu-erfolgreich-meistern.de\/?page_id=69\" \/>\n<meta property=\"og:locale\" content=\"de_DE\" \/>\n<meta property=\"og:type\" content=\"article\" \/>\n<meta property=\"og:title\" content=\"Zahlungsm\u00f6glichkeiten - MPU erfolgreich meistern\" \/>\n<meta property=\"og:description\" content=\"MPU Erfolgreich meistern, wirklich preiswert und fair! Das gabs noch nie: Zahle mit dem Profitwallet bezahle mit Trillando\" \/>\n<meta property=\"og:url\" content=\"https:\/\/www.mpu-erfolgreich-meistern.de\/?page_id=69\" \/>\n<meta property=\"og:site_name\" content=\"MPU erfolgreich meistern\" \/>\n<meta property=\"article:publisher\" content=\"https:\/\/www.facebook.com\/profile.php?id=100063792620707\" \/>\n<meta property=\"article:modified_time\" content=\"2023-06-01T11:45:44+00:00\" \/>\n<meta name=\"twitter:card\" content=\"summary_large_image\" \/>\n<meta name=\"twitter:label1\" content=\"Gesch\u00e4tzte Lesezeit\" \/>\n\t<meta name=\"twitter:data1\" content=\"1\u00a0Minute\" \/>\n<script type=\"application\/ld+json\" class=\"yoast-schema-graph\">{\"@context\":\"https:\/\/schema.org\",\"@graph\":[{\"@type\":\"WebPage\",\"@id\":\"https:\/\/www.mpu-erfolgreich-meistern.de\/?page_id=69\",\"url\":\"https:\/\/www.mpu-erfolgreich-meistern.de\/?page_id=69\",\"name\":\"Zahlungsm\u00f6glichkeiten - MPU erfolgreich meistern\",\"isPartOf\":{\"@id\":\"http:\/\/www.mpu-erfolgreich-meistern.de\/#website\"},\"datePublished\":\"2023-06-01T11:42:16+00:00\",\"dateModified\":\"2023-06-01T11:45:44+00:00\",\"description\":\"MPU Erfolgreich meistern, wirklich preiswert und fair! Das gabs noch nie: Zahle mit dem Profitwallet bezahle mit Trillando\",\"breadcrumb\":{\"@id\":\"https:\/\/www.mpu-erfolgreich-meistern.de\/?page_id=69#breadcrumb\"},\"inLanguage\":\"de\",\"potentialAction\":[{\"@type\":\"ReadAction\",\"target\":[\"https:\/\/www.mpu-erfolgreich-meistern.de\/?page_id=69\"]}]},{\"@type\":\"BreadcrumbList\",\"@id\":\"https:\/\/www.mpu-erfolgreich-meistern.de\/?page_id=69#breadcrumb\",\"itemListElement\":[{\"@type\":\"ListItem\",\"position\":1,\"name\":\"Startseite\",\"item\":\"http:\/\/www.mpu-erfolgreich-meistern.de\/\"},{\"@type\":\"ListItem\",\"position\":2,\"name\":\"Zahlungsm\u00f6glichkeiten\"}]},{\"@type\":\"WebSite\",\"@id\":\"http:\/\/www.mpu-erfolgreich-meistern.de\/#website\",\"url\":\"http:\/\/www.mpu-erfolgreich-meistern.de\/\",\"name\":\"MPU erfolgreich meistern\",\"description\":\"Zeisparende MPU Vorbereitung\",\"publisher\":{\"@id\":\"http:\/\/www.mpu-erfolgreich-meistern.de\/#organization\"},\"potentialAction\":[{\"@type\":\"SearchAction\",\"target\":{\"@type\":\"EntryPoint\",\"urlTemplate\":\"http:\/\/www.mpu-erfolgreich-meistern.de\/?s={search_term_string}\"},\"query-input\":{\"@type\":\"PropertyValueSpecification\",\"valueRequired\":true,\"valueName\":\"search_term_string\"}}],\"inLanguage\":\"de\"},{\"@type\":\"Organization\",\"@id\":\"http:\/\/www.mpu-erfolgreich-meistern.de\/#organization\",\"name\":\"MPU erfolgreich meistern\",\"url\":\"http:\/\/www.mpu-erfolgreich-meistern.de\/\",\"logo\":{\"@type\":\"ImageObject\",\"inLanguage\":\"de\",\"@id\":\"http:\/\/www.mpu-erfolgreich-meistern.de\/#\/schema\/logo\/image\/\",\"url\":\"http:\/\/www.mpu-erfolgreich-meistern.de\/wp-content\/uploads\/2023\/05\/travel-72870_960_720.jpg\",\"contentUrl\":\"http:\/\/www.mpu-erfolgreich-meistern.de\/wp-content\/uploads\/2023\/05\/travel-72870_960_720.jpg\",\"width\":960,\"height\":636,\"caption\":\"MPU erfolgreich meistern\"},\"image\":{\"@id\":\"http:\/\/www.mpu-erfolgreich-meistern.de\/#\/schema\/logo\/image\/\"},\"sameAs\":[\"https:\/\/www.facebook.com\/profile.php?id=100063792620707\"]}]}<\/script>\n<!-- \/ Yoast SEO plugin. -->","yoast_head_json":{"title":"Zahlungsm\u00f6glichkeiten - MPU erfolgreich meistern","description":"MPU Erfolgreich meistern, wirklich preiswert und fair! Das gabs noch nie: Zahle mit dem Profitwallet bezahle mit Trillando","robots":{"index":"index","follow":"follow","max-snippet":"max-snippet:-1","max-image-preview":"max-image-preview:large","max-video-preview":"max-video-preview:-1"},"canonical":"https:\/\/www.mpu-erfolgreich-meistern.de\/?page_id=69","og_locale":"de_DE","og_type":"article","og_title":"Zahlungsm\u00f6glichkeiten - MPU erfolgreich meistern","og_description":"MPU Erfolgreich meistern, wirklich preiswert und fair! Das gabs noch nie: Zahle mit dem Profitwallet bezahle mit Trillando","og_url":"https:\/\/www.mpu-erfolgreich-meistern.de\/?page_id=69","og_site_name":"MPU erfolgreich meistern","article_publisher":"https:\/\/www.facebook.com\/profile.php?id=100063792620707","article_modified_time":"2023-06-01T11:45:44+00:00","twitter_card":"summary_large_image","twitter_misc":{"Gesch\u00e4tzte Lesezeit":"1\u00a0Minute"},"schema":{"@context":"https:\/\/schema.org","@graph":[{"@type":"WebPage","@id":"https:\/\/www.mpu-erfolgreich-meistern.de\/?page_id=69","url":"https:\/\/www.mpu-erfolgreich-meistern.de\/?page_id=69","name":"Zahlungsm\u00f6glichkeiten - MPU erfolgreich meistern","isPartOf":{"@id":"http:\/\/www.mpu-erfolgreich-meistern.de\/#website"},"datePublished":"2023-06-01T11:42:16+00:00","dateModified":"2023-06-01T11:45:44+00:00","description":"MPU Erfolgreich meistern, wirklich preiswert und fair! Das gabs noch nie: Zahle mit dem Profitwallet bezahle mit Trillando","breadcrumb":{"@id":"https:\/\/www.mpu-erfolgreich-meistern.de\/?page_id=69#breadcrumb"},"inLanguage":"de","potentialAction":[{"@type":"ReadAction","target":["https:\/\/www.mpu-erfolgreich-meistern.de\/?page_id=69"]}]},{"@type":"BreadcrumbList","@id":"https:\/\/www.mpu-erfolgreich-meistern.de\/?page_id=69#breadcrumb","itemListElement":[{"@type":"ListItem","position":1,"name":"Startseite","item":"http:\/\/www.mpu-erfolgreich-meistern.de\/"},{"@type":"ListItem","position":2,"name":"Zahlungsm\u00f6glichkeiten"}]},{"@type":"WebSite","@id":"http:\/\/www.mpu-erfolgreich-meistern.de\/#website","url":"http:\/\/www.mpu-erfolgreich-meistern.de\/","name":"MPU erfolgreich meistern","description":"Zeisparende MPU Vorbereitung","publisher":{"@id":"http:\/\/www.mpu-erfolgreich-meistern.de\/#organization"},"potentialAction":[{"@type":"SearchAction","target":{"@type":"EntryPoint","urlTemplate":"http:\/\/www.mpu-erfolgreich-meistern.de\/?s={search_term_string}"},"query-input":{"@type":"PropertyValueSpecification","valueRequired":true,"valueName":"search_term_string"}}],"inLanguage":"de"},{"@type":"Organization","@id":"http:\/\/www.mpu-erfolgreich-meistern.de\/#organization","name":"MPU erfolgreich meistern","url":"http:\/\/www.mpu-erfolgreich-meistern.de\/","logo":{"@type":"ImageObject","inLanguage":"de","@id":"http:\/\/www.mpu-erfolgreich-meistern.de\/#\/schema\/logo\/image\/","url":"http:\/\/www.mpu-erfolgreich-meistern.de\/wp-content\/uploads\/2023\/05\/travel-72870_960_720.jpg","contentUrl":"http:\/\/www.mpu-erfolgreich-meistern.de\/wp-content\/uploads\/2023\/05\/travel-72870_960_720.jpg","width":960,"height":636,"caption":"MPU erfolgreich meistern"},"image":{"@id":"http:\/\/www.mpu-erfolgreich-meistern.de\/#\/schema\/logo\/image\/"},"sameAs":["https:\/\/www.facebook.com\/profile.php?id=100063792620707"]}]}},"_links":{"self":[{"href":"https:\/\/www.mpu-erfolgreich-meistern.de\/index.php?rest_route=\/wp\/v2\/pages\/69","targetHints":{"allow":["GET"]}}],"collection":[{"href":"https:\/\/www.mpu-erfolgreich-meistern.de\/index.php?rest_route=\/wp\/v2\/pages"}],"about":[{"href":"https:\/\/www.mpu-erfolgreich-meistern.de\/index.php?rest_route=\/wp\/v2\/types\/page"}],"author":[{"embeddable":true,"href":"https:\/\/www.mpu-erfolgreich-meistern.de\/index.php?rest_route=\/wp\/v2\/users\/1"}],"replies":[{"embeddable":true,"href":"https:\/\/www.mpu-erfolgreich-meistern.de\/index.php?rest_route=%2Fwp%2Fv2%2Fcomments&post=69"}],"version-history":[{"count":3,"href":"https:\/\/www.mpu-erfolgreich-meistern.de\/index.php?rest_route=\/wp\/v2\/pages\/69\/revisions"}],"predecessor-version":[{"id":75,"href":"https:\/\/www.mpu-erfolgreich-meistern.de\/index.php?rest_route=\/wp\/v2\/pages\/69\/revisions\/75"}],"wp:attachment":[{"href":"https:\/\/www.mpu-erfolgreich-meistern.de\/index.php?rest_route=%2Fwp%2Fv2%2Fmedia&parent=69"}],"curies":[{"name":"wp","href":"https:\/\/api.w.org\/{rel}","templated":true}]}}